{"id":54,"date":"2022-01-08T22:00:15","date_gmt":"2022-01-08T22:00:15","guid":{"rendered":"https:\/\/medirguate.com\/about\/"},"modified":"2022-02-07T07:35:02","modified_gmt":"2022-02-07T07:35:02","slug":"about","status":"publish","type":"page","link":"https:\/\/medirguate.com\/?page_id=54","title":{"rendered":"Sobre nosotros"},"content":{"rendered":"\n\n\n\n\n\r\n<h3>QUI\u00c9NES SOMOS<\/h3>\r\n\n\n\r\n<p>Somos una empresa guatemalteca formada por profesionales acreditados y con experiencia en medici\u00f3n de tierras, valuaci\u00f3n inmobiliaria, generaci\u00f3n de aprendizajes, compraventa de bienes inmuebles, importaci\u00f3n de equipos y accesorios, entre otros.<\/p>\r\n<p>&nbsp;<\/p>\r\n<p>Brindamos servicios enfocados a satisfacer las demandas de nuestros clientes en cuanto a precisi\u00f3n, confiabilidad, efectividad, certeza y a un costo justo y accesible.<\/p>\r\n<p>&nbsp;<\/p>\r\n\n\n\n\n\n\n\n\r\n<h1>Queremos ayudarle a disponer acertadamente de sus bienes inmuebles<\/h1>\r\n\n\n\n","protected":false},"excerpt":{"rendered":"","protected":false},"author":1,"featured_media":0,"parent":0,"menu_order":0,"comment_status":"closed","ping_status":"closed","template":"","meta":{"footnotes":""},"class_list":["post-54","page","type-page","status-publish","hentry"],"_links":{"self":[{"href":"https:\/\/medirguate.com\/index.php?rest_route=\/wp\/v2\/pages\/54","targetHints":{"allow":["GET"]}}],"collection":[{"href":"https:\/\/medirguate.com\/index.php?rest_route=\/wp\/v2\/pages"}],"about":[{"href":"https:\/\/medirguate.com\/index.php?rest_route=\/wp\/v2\/types\/page"}],"author":[{"embeddable":true,"href":"https:\/\/medirguate.com\/index.php?rest_route=\/wp\/v2\/users\/1"}],"replies":[{"embeddable":true,"href":"https:\/\/medirguate.com\/index.php?rest_route=%2Fwp%2Fv2%2Fcomments&post=54"}],"version-history":[{"count":5,"href":"https:\/\/medirguate.com\/index.php?rest_route=\/wp\/v2\/pages\/54\/revisions"}],"predecessor-version":[{"id":166,"href":"https:\/\/medirguate.com\/index.php?rest_route=\/wp\/v2\/pages\/54\/revisions\/166"}],"wp:attachment":[{"href":"https:\/\/medirguate.com\/index.php?rest_route=%2Fwp%2Fv2%2Fmedia&parent=54"}],"curies":[{"name":"wp","href":"https:\/\/api.w.org\/{rel}","templated":true}]}}