{"id":55,"date":"2022-01-08T22:00:15","date_gmt":"2022-01-08T22:00:15","guid":{"rendered":"https:\/\/medirguate.com\/home\/"},"modified":"2022-02-07T07:37:35","modified_gmt":"2022-02-07T07:37:35","slug":"home","status":"publish","type":"page","link":"https:\/\/medirguate.com\/","title":{"rendered":"P\u00e1gina de inicio"},"content":{"rendered":"\n\n\n\r\n<p><img loading=\"lazy\" decoding=\"async\" class=\"size-full wp-image-127 aligncenter\" src=\"https:\/\/medirguate.com\/wp-content\/uploads\/2022\/02\/Logo-Medir-V2.png\" alt=\"\" width=\"300\" height=\"132\" \/><\/p>\r\n<h3>TRABAJO HONESTO, CONFIABLE Y PRECISO<\/h3>\r\n\n\n\r\n<p>Para realizar un trabajo,\u00a0\u00a0previamente el cliente interesado se pone en contacto con nosotros, ya sea por v\u00eda telef\u00f3nica, WhatsApp o correo electr\u00f3nico, exponi\u00e9ndonos sus intereses, perspectivas y dudas. Con la informaci\u00f3n obtenida, realizamos una cotizaci\u00f3n presentando\u00a0 nuestra propuesta. Luego de consensuar el servicio con el cliente, se acuerda el proceso a seguir y se planifica la (o las) visitas para realizar el levantamiento, replanteo u otra actividad. A partir de ah\u00ed, seg\u00fan sea el caso, se realiza supervisi\u00f3n de las fases hasta completar el requerimiento. Los cobros se hacen con previo anticipo.<\/p>\r\n<p>&nbsp;<\/p>\r\n\n\n\n\n\n\n\n\n\n\n\n\n\n\r\n<h3>Somos&#8230;<\/h3>\r\n\n\n\r\n<p>Somos una empresa guatemalteca formada por profesionales acreditados y con experiencia en la medici\u00f3n de tierras, la valuaci\u00f3n inmobiliaria, la generaci\u00f3n de aprendizajes, la compraventa de bienes inmuebles, la importaci\u00f3n de equipos y accesorios, entre otros.<\/p>\r\n<p>&nbsp;<\/p>\r\n<p>Brindamos servicios enfocados a satisfacer las demandas de nuestros clientes en cuanto a precisi\u00f3n, confiabilidad, efectividad, certeza y a un costo justo y accesible.<\/p>\r\n<p>&nbsp;<\/p>\r\n\n\n\n\n\n\n\n\r\n<h3>VALUACI\u00d3N\u00a0<\/h3>\r\n\n\n\r\n<p style=\"text-align: left;\">Proveemos servicios de valuaci\u00f3n de bienes inmuebles<\/p>\r\n\n\n\n\r\n<p>Los aval\u00faos comerciales proveen el valor de mercado de un bien inmueble, considerando en la tasaci\u00f3n no solamente el valor del solar, sino adem\u00e1s, todas las inversiones realizadas dentro de este. Este aval\u00fao es apropiado para la compraventa, el arrendamiento, la separaci\u00f3n de bienes en casos de divorcios, entre otros.<\/p>\r\n\n\n\n\r\n<p>Los aval\u00faos fiscales se requieren para el establecimiento del pago de arbitrios relacionados al impuesto \u00fanico sobre inmuebles, procesos mortuales, entre otros.\u00a0<\/p>\r\n\n\n\n\r\n<p>Los aval\u00faos bancarios se requieren para hipotecas y garant\u00edas de cr\u00e9dito ante bancos y entidades financieras como cooperativas de ahorro y cr\u00e9dito.<\/p>\r\n\n\n\n\n\n\n\n\r\n<h3>QU\u00c9 HACEMOS<\/h3>\r\n\n\n\r\n<p style=\"text-align: center;\">\u00a0<\/p>\r\n\n\n\n\r\n<h3>\u00a0MISI\u00d3N<\/h3>\r\n\n\n\r\n<p style=\"text-align: left;\">Brindar soluciones que permitan las mejores alternativas para la disposici\u00f3n, administraci\u00f3n y gesti\u00f3n de los bienes inmuebles.<\/p>\r\n\n\n\n\r\n<h3>FILOSOF\u00cdA<\/h3>\r\n\n\n\r\n<p style=\"text-align: left;\">Estamos enfocados en brindar servicios significativos que maximicen la rentabilidad de los bienes inmuebles al menor coste posible, poniendo a disposici\u00f3n nuestra experiencia, conocimientos y calidad humana.<\/p>\r\n\n\n\n\r\n<h3>VISI\u00d3N<\/h3>\r\n\n\n\r\n<p style=\"text-align: left;\">Generar confianza en nuestros clientes, posicion\u00e1ndonos como su mejor alternativa en soluciones para la disposici\u00f3n, administraci\u00f3n y gesti\u00f3n de sus bienes inmuebles.<\/p>\r\n\n\n\n\r\n<h3>VALORES<\/h3>\r\n\n\n\r\n<p style=\"text-align: left;\">Honestidad, efectividad, certeza, confiabilidad y precisi\u00f3n<\/p>\r\n\n\n\n\n\n\n\n\n\n\n","protected":false},"excerpt":{"rendered":"","protected":false},"author":1,"featured_media":0,"parent":0,"menu_order":0,"comment_status":"closed","ping_status":"closed","template":"","meta":{"footnotes":""},"class_list":["post-55","page","type-page","status-publish","hentry"],"_links":{"self":[{"href":"https:\/\/medirguate.com\/index.php?rest_route=\/wp\/v2\/pages\/55","targetHints":{"allow":["GET"]}}],"collection":[{"href":"https:\/\/medirguate.com\/index.php?rest_route=\/wp\/v2\/pages"}],"about":[{"href":"https:\/\/medirguate.com\/index.php?rest_route=\/wp\/v2\/types\/page"}],"author":[{"embeddable":true,"href":"https:\/\/medirguate.com\/index.php?rest_route=\/wp\/v2\/users\/1"}],"replies":[{"embeddable":true,"href":"https:\/\/medirguate.com\/index.php?rest_route=%2Fwp%2Fv2%2Fcomments&post=55"}],"version-history":[{"count":6,"href":"https:\/\/medirguate.com\/index.php?rest_route=\/wp\/v2\/pages\/55\/revisions"}],"predecessor-version":[{"id":167,"href":"https:\/\/medirguate.com\/index.php?rest_route=\/wp\/v2\/pages\/55\/revisions\/167"}],"wp:attachment":[{"href":"https:\/\/medirguate.com\/index.php?rest_route=%2Fwp%2Fv2%2Fmedia&parent=55"}],"curies":[{"name":"wp","href":"https:\/\/api.w.org\/{rel}","templated":true}]}}